{"id":130,"date":"2011-04-14T22:02:59","date_gmt":"2011-04-14T22:02:59","guid":{"rendered":"http:\/\/omarlakhdar.wordpress.com\/?page_id=2"},"modified":"2023-05-13T19:11:35","modified_gmt":"2023-05-13T17:11:35","slug":"about","status":"publish","type":"page","link":"https:\/\/www.omarlakhdar.com\/?page_id=130","title":{"rendered":"CV"},"content":{"rendered":"<p><img data-recalc-dims=\"1\" loading=\"lazy\" decoding=\"async\" data-attachment-id=\"2346\" data-permalink=\"https:\/\/www.omarlakhdar.com\/?attachment_id=2346\" data-orig-file=\"https:\/\/i0.wp.com\/www.omarlakhdar.com\/wp-content\/uploads\/2014\/06\/Omar-Lakdar_MG_7814NB.jpg?fit=1037%2C1296&amp;ssl=1\" data-orig-size=\"1037,1296\" data-comments-opened=\"1\" data-image-meta=\"{&quot;aperture&quot;:&quot;16&quot;,&quot;credit&quot;:&quot;arthurpequin.com&quot;,&quot;camera&quot;:&quot;Canon EOS 5D Mark III&quot;,&quot;caption&quot;:&quot;&quot;,&quot;created_timestamp&quot;:&quot;1383046345&quot;,&quot;copyright&quot;:&quot;&quot;,&quot;focal_length&quot;:&quot;100&quot;,&quot;iso&quot;:&quot;100&quot;,&quot;shutter_speed&quot;:&quot;0.008&quot;,&quot;title&quot;:&quot;&quot;}\" data-image-title=\"Omar Lakdar_MG_7814NB\" data-image-description=\"\" data-image-caption=\"\" data-large-file=\"https:\/\/i0.wp.com\/www.omarlakhdar.com\/wp-content\/uploads\/2014\/06\/Omar-Lakdar_MG_7814NB.jpg?fit=819%2C1024&amp;ssl=1\" class=\"wp-image-2346 alignleft\" src=\"https:\/\/i0.wp.com\/www.omarlakhdar.com\/wp-content\/uploads\/2014\/06\/Omar-Lakdar_MG_7814NB.jpg?resize=269%2C336\" alt=\"Omar Lakdar_MG_7814NB\" width=\"269\" height=\"336\" srcset=\"https:\/\/i0.wp.com\/www.omarlakhdar.com\/wp-content\/uploads\/2014\/06\/Omar-Lakdar_MG_7814NB.jpg?resize=240%2C300&amp;ssl=1 240w, https:\/\/i0.wp.com\/www.omarlakhdar.com\/wp-content\/uploads\/2014\/06\/Omar-Lakdar_MG_7814NB.jpg?resize=819%2C1024&amp;ssl=1 819w, https:\/\/i0.wp.com\/www.omarlakhdar.com\/wp-content\/uploads\/2014\/06\/Omar-Lakdar_MG_7814NB.jpg?w=1037&amp;ssl=1 1037w\" sizes=\"auto, (max-width: 269px) 100vw, 269px\" \/><strong>OMAR LAKHDAR<\/strong><\/p>\n<p>Architecte sp\u00e9cialis\u00e9 en conception et en rendu architectural issu de l\u2019Ecole Nationale d\u2019Architecture et de Paysage de Bordeaux. Passionn\u00e9 par le minimalisme, l\u2019architecture, l\u2019urbanisme, et fort d\u2019une exp\u00e9rience de 17 ans sur Revit, j\u2019ai d\u00e9velopp\u00e9 une affinit\u00e9 avec les outils de rendu 3d comme Blender, Lumion, Twinmotion, vid\u00e9o, VR, maquettes imprim\u00e9es, qui me donnent une autonomie de production et une bonne capacit\u00e9 de communication. Mon experience professionnelle dans des grandes et petites agences, en tant que salari\u00e9 et en lib\u00e9ral, en France et Maroc me permet de travaukker sur des programmes vari\u00e9s et de diff\u00e9rente dimension, allant du projet urbain de grande \u00e9chelle, \u00e0 l\u2019am\u00e9nagement int\u00e9rieur. Un fil directeur guide ma mani\u00e8re d\u2019appr\u00e9hender le projet : l\u2019\u00e9coute, l\u2019observation, la contextualisation, l\u2019\u00e9tude des diff\u00e9rentes r\u00e9ponses possibles, et la recherche de la r\u00e9ponse juste, frugale et respectueuse de l\u2019environnement, et des usages. Je suis aussi passionn\u00e9 par la p\u00e9dagogie, curieux, toujours \u00e0 la recherche de nouveaux challenges, et de nouvelles mani\u00e8res de travailler.<\/p>\n<p><strong>COMPETENCES : <\/strong>Conception architecturale, Etudes urbaines, Gestion de projet des \u00e9tudes pr\u00e9liminaires jusqu&rsquo;\u00e0 la r\u00e9ception, BIM, Dessin CAO, Mod\u00e9lisation 3d, Images d&rsquo;architecture, Design, Web<\/p>\n<p>Outils de travail : Revit, Archicad, Autocad, Blender, 3dsmax, Maya, Photoshop, Illustrator, Enscape, Twinmotion, Lumion, Vray, Maxwell, Octane, Indesign, Office, Premiere<\/p>\n<p><strong>EXPERIENCE PROFESSIONNELLE :<\/strong><\/p>\n<p><strong>Agence Groupe A40 architectes (2020-2022)<\/strong><\/p>\n<p>2023<\/p>\n<p>\/Construction d&rsquo;un pole aqualudique \u00e0 Pessac (APS\/APD)<\/p>\n<p>\/Construction d&rsquo;un centre de maintenance pour v\u00e9hicules blindes \u00e0 Angoul\u00eame (APD)<\/p>\n<p>\/Maroquinerie L&rsquo;Atelier de May pour Chanel (Concours gagn\u00e9 )<\/p>\n<p>2022<\/p>\n<p>\/Construction d&rsquo;un pole aqualudique \u00e0 Pessac (Concours gagn\u00e9)<\/p>\n<p>\/Construction de 3 maisons \u00e0 Saint-Medard-En-Jalles (Chantier)<\/p>\n<p>\/Construction d&rsquo;un centre de maintenance pour v\u00e9hicules blindes \u00e0 Angoul\u00eame (Chef de projet &#8211; Concours gagn\u00e9 &#8211; Esquisse &#8211; APS)<\/p>\n<p>\/Construction de 38 logements et 1 commerce \u00e0 Angoul\u00eame (Esquisse\/APS\/PC)<\/p>\n<p>2021<\/p>\n<p>\/Construction d&rsquo;un centre de maintenance pour v\u00e9hicules blindes \u00e0 Angoul\u00eame (Chef de projet &#8211; Concours gagn\u00e9 &#8211; Esquisse)<\/p>\n<p>\/Construction d&rsquo;une unit\u00e9 de production Gozoki \u00e0 Agen (Concours gagn\u00e9\/APS\/PC)<\/p>\n<p>2020<\/p>\n<p>\/Construction de logements \u00e0 Anglet r\u00e9sidence Oceanside (APS-APD-PC-PRO)<\/p>\n<p>\/Construction d&rsquo;un Centre Aquatique \u00e0 Cenon (Concours : Fa\u00e7ades + Perspectives panneaux)<\/p>\n<p>\/Construction d&rsquo;un Centre Culturel \u00e0 Niort (Assistant de projet\u00a0 BIM APS-APD-PC-PRO)<\/p>\n<p><strong>Exercice lib\u00e9ral<\/strong><\/p>\n<p>2019<\/p>\n<p>\/Construction d&rsquo;un centre de maintenance pour nouveaux v\u00e9hicules blind\u00e9s \u00e0 Tarbes (Concours, collaboration avec Groupe A40 architectes)<\/p>\n<p>\/R\u00e9habilitation et extension de l&rsquo;Institut Pluridisciplinaire de Recherche Appliqu\u00e9e \u00e0 Pau (Concours, collaboration avec SLA)<\/p>\n<p>2018<\/p>\n<p>\/P\u00e2tisserie S. (R\u00e9alis\u00e9)<\/p>\n<p>2017<\/p>\n<p>\/Bar le Sputnik (R\u00e9alis\u00e9)<\/p>\n<p>2016<\/p>\n<p>\/Extension du si\u00e8ge de l&rsquo;OMPIC \u00e0 Casablanca (Concours)<\/p>\n<p>\/Mus\u00e9e National d&rsquo;Arch\u00e9ologie et des Sciences de la Terre de Rabat (Concours en collaboration avec BLP, G3A, Bertrand Houin Paysagiste, Atelier Bonobo)<\/p>\n<p>2015<\/p>\n<p>\/Local d&rsquo;activit\u00e9s nautiques \u00e0 Rabat (Concours)<\/p>\n<p>\/Auberge de jeunesse \u00e0 Rabat (Concours)<\/p>\n<p>\/Maison individuelle \u00e0 Casablanca (Etudes pr\u00e9liminaires)<\/p>\n<p>\/Hammam \u00e0 Oujda (Etudes pr\u00e9liminaires)<\/p>\n<p><strong>Agence d&rsquo;architecture Hobo, Lormont (2017-2018) :<\/strong><\/p>\n<p>2018<\/p>\n<p>\/Cr\u00e9ation du si\u00e8ge de l\u2019Adgessa \u00e0 Bordeaux (Dossier PC)<br \/>\n\/Extension d\u2019une maison individuelle \u00e0 Bordeaux (Dossier PC)<br \/>\n\/Extension d\u2019une maison individuelle \u00e0 Bordeaux (Etudes pr\u00e9liminaires)<br \/>\n\/Cr\u00e9ation d\u2019une vague artificielle \u00e0 Lacanau (Mise en forme du dossier APD)<\/p>\n<p>2017<\/p>\n<p>\/Concours pour l\u2019extension du Service Urgences P\u00e9diatriques de l\u2019Hopital Pellegrin (Concours)<br \/>\n\/Extension d\u2019une maison individuelle \u00e0 Audenge (Dossier PC)<br \/>\n\/Dossier esquisse pour la construction de 58 logements \u00e0 Lormont (Etudes pr\u00e9liminaires)<\/p>\n<p><strong>Agence d&rsquo;architecture Brochet Lajus Pueyo, Bordeaux\u00a0(depuis 2007) :<\/strong><\/p>\n<p>2014<\/p>\n<p style=\"padding-left: 60px;\"><a href=\"http:\/\/www.brochet-lajus-pueyo.fr\/projets\/amenagements-urbains-du-tramway-bordeaux\">\/Tramway de Bordeaux, Ligne D (Am\u00e9nagement urbain, Avant Projet Definitif &#8211; PRO &#8211; DCE)<\/a><\/p>\n<p style=\"padding-left: 30px;\">2013<\/p>\n<p style=\"padding-left: 60px;\">\/Etude urbaine pour le centre ville de la Teste<\/p>\n<p style=\"padding-left: 60px;\"><a href=\"http:\/\/www.brochet-lajus-pueyo.fr\/projets\/pole-oceanographique-arcachon\">\/P\u00f4le oc\u00e9anographique d&rsquo;Arcachon (Conception de mobilier de laboratoires)<\/a><\/p>\n<p style=\"padding-left: 60px;\">\/200 logements sur le site de Bruges (Conception parking silo au concours)<\/p>\n<p style=\"padding-left: 60px;\">\/58 Logements \u00e0 Villepinte (Concours)<\/p>\n<p style=\"padding-left: 60px;\"><a title=\"Site Web BLP\" href=\"http:\/\/brochet-lajus-pueyo.fr\" target=\"_blank\" rel=\"noopener noreferrer\">\/Site Web (Conception de l&rsquo;interface)<\/a><\/p>\n<p style=\"padding-left: 60px;\">\/l\u00f4t A1-3A \u00e0 Ginko (Images d&rsquo;avant-projet)<\/p>\n<p style=\"padding-left: 60px;\"><a href=\"http:\/\/www.brochet-lajus-pueyo.fr\/projets\/musee-de-l-homme-paris\" target=\"_blank\" rel=\"noopener noreferrer\">\/Mus\u00e9e de l&rsquo;Homme (Conception du mobilier de l&rsquo;atrium)<\/a><\/p>\n<p style=\"padding-left: 60px;\">\/Passerelle pi\u00e9tonne \u00e0 Blanquefort (Conception + Plans + Images)<\/p>\n<p style=\"padding-left: 60px;\"><a href=\"http:\/\/www.brochet-lajus-pueyo.fr\/projets\/residence-la-ramade-lormont\" target=\"_blank\" rel=\"noopener noreferrer\">\/R\u00e9sidence \u00ab\u00a0La Ramade\u00a0\u00bb \u00e0 Lormont (Permis modificatif)<\/a><\/p>\n<p style=\"padding-left: 60px;\"><a href=\"http:\/\/www.brochet-lajus-pueyo.fr\/projets\/residence-cote-lac-ris-orangis\" target=\"_blank\" rel=\"noopener noreferrer\">\/Logements 06 phase B \u00e0 Ris Orangis (Permis modificatif + Modifications PRO)<\/a><\/p>\n<p style=\"padding-left: 30px;\">2012<\/p>\n<p style=\"padding-left: 60px;\">\/Eglise de Ginko (Images)<\/p>\n<p style=\"padding-left: 60px;\">\/Am\u00e9nagement des espaces publics de Parempuyre (Concours)<\/p>\n<p style=\"padding-left: 30px;\">2011<\/p>\n<p style=\"padding-left: 60px;\">\/Restructuration du Campus de Bordeaux 1 (Concours)<\/p>\n<p style=\"padding-left: 60px;\"><a href=\"http:\/\/www.brochet-lajus-pueyo.fr\/projets-architecture\/Communaute-Communes-Aubusson-Felletin.html\" target=\"_blank\" rel=\"noopener noreferrer\">\/Centre aqua-r\u00e9cr\u00e9atif d&rsquo;Aubusson (PRO\/DCE) <\/a><\/p>\n<p style=\"padding-left: 60px;\"><a href=\"http:\/\/www.brochet-lajus-pueyo.fr\/projets\/palais-de-justice-pointe-a-pitre\" target=\"_blank\" rel=\"noopener noreferrer\">\/Tribunal de Grande Instance de Pointe \u00e0 Pitre (Plan de masse concours)<\/a><\/p>\n<p style=\"padding-left: 60px;\"><a href=\"http:\/\/www.brochet-lajus-pueyo.fr\/projets\/logements-passamainty-mamoudzou\" target=\"_blank\" rel=\"noopener noreferrer\">\/Logements \u00e0 Mayotte (Elevations concours + relance concours)<\/a><\/p>\n<p style=\"padding-left: 60px;\">\/Restructuration de la Cit\u00e9 Blanche (Conception Etude de faisabilit\u00e9)<\/p>\n<p style=\"padding-left: 30px;\">2010<\/p>\n<p style=\"padding-left: 60px;\"><a title=\"Nouvel Etablissement Thermal \u00e0 Balaruc\" href=\"http:\/\/www.brochet-lajus-pueyo.fr\/projets\/nouvel-etablissement-thermal-balaruc-les-bains\" target=\"_blank\" rel=\"noopener noreferrer\">\/Nouvel Etablissement Thermal \u00e0 Balaruc (Concours)<\/a><\/p>\n<p style=\"padding-left: 60px;\"><a title=\"Bordeaux 2046\" href=\"http:\/\/vimeo.com\/14732230\" target=\"_blank\" rel=\"noopener noreferrer\">\/Bordeaux 2046 (Coordination + Plans + Film)<\/a><\/p>\n<p style=\"padding-left: 30px;\">2009<\/p>\n<p style=\"padding-left: 60px;\"><a href=\"http:\/\/www.brochet-lajus-pueyo.fr\/projets\/residence-baiopolis-bayonne\" target=\"_blank\" rel=\"noopener noreferrer\">\/R\u00e9sidence Ba\u00efopolis \u00e0 Bayonne (Assistance au concours)<\/a><\/p>\n<p style=\"padding-left: 60px;\"><a title=\"Logements \u00e0 Lille\" href=\"http:\/\/www.brochet-lajus-pueyo.fr\/projets\/residence-carre-orchestra-lille\" target=\"_blank\" rel=\"noopener noreferrer\">\/Logements \u00e0 Lille (Images)<\/a><\/p>\n<p style=\"padding-left: 60px;\"><a title=\"Am\u00e9nagement du parvis de la gare Saint-Jean\" href=\"http:\/\/www.brochet-lajus-pueyo.fr\/projets\/pole-intermodal-de-la-gare-saint-jean-bordeaux\" target=\"_blank\" rel=\"noopener noreferrer\">\/Am\u00e9nagement du parvis de la Gare Saint-Jean (Assistance Chantier)<\/a><\/p>\n<p style=\"padding-left: 30px;\">2008<\/p>\n<p style=\"padding-left: 60px;\"><a title=\"Logements \u00e0 ZAC Androm\u00e8de\" href=\"http:\/\/www.brochet-lajus-pueyo.fr\/projets\/residence-l-ecrin-vegetal-blagnac\" target=\"_blank\" rel=\"noopener noreferrer\">\/Logements ZAC Androm\u00e8de \u00e0 Toulouse (Assistance au dessin DCE)<\/a><\/p>\n<p style=\"padding-left: 60px;\">\/Centre commercial Il\u00f4t C2 \u00e0 Ginko (Assistance au dessin)<\/p>\n<p style=\"padding-left: 60px;\"><a href=\"http:\/\/www.brochet-lajus-pueyo.fr\/projets\/maison-de-l-universite-evry\" target=\"_blank\" rel=\"noopener noreferrer\">\/Maison de l&rsquo;Universit\u00e9 \u00e0 Evry (Plan de masse)<\/a><\/p>\n<p style=\"padding-left: 30px;\">2007<\/p>\n<p style=\"padding-left: 60px;\">\/Bureaux \u00e0 Floirac (Conception \u00e9tude de faisabilit\u00e9)<\/p>\n<p style=\"padding-left: 60px;\">\/Bureaux IGN M\u00e9t\u00e9ofrance (Assistance au dessin du concours)<\/p>\n<p><strong>Agence SL-P Architectes, Bordeaux<br \/>\n<\/strong><\/p>\n<p style=\"padding-left: 30px;\">2006<\/p>\n<p style=\"padding-left: 60px;\">\/Maison au Cap Ferret (Dessin plan + Images)<\/p>\n<p style=\"padding-left: 60px;\">\/Maison \u00e0 Bordeaux (Images du permis de construire)<\/p>\n<p style=\"padding-left: 60px;\">\/H\u00f4tel \u00e0 Saint-Brice (Images)<\/p>\n<p style=\"padding-left: 60px;\">\/Logements \u00e0 Blanquefort (Participation au plan + Images d&rsquo;\u00e9tude)<\/p>\n<p><strong>Agence Benhammou Architecte DPLG, Casablanca<\/strong><\/p>\n<p style=\"padding-left: 30px;\">2004<\/p>\n<p style=\"padding-left: 60px;\">\/D\u00e9couverte du travail en agence<\/p>\n<p><strong><a href=\"http:\/\/www.bordeaux.archi.fr\/\" target=\"_blank\" rel=\"noopener noreferrer\">Ecole Nationale Sup\u00e9rieure d&rsquo;Architecture et de Paysage de Bordeaux :<\/a><\/strong><\/p>\n<p style=\"padding-left: 30px;\">2010 \/Etudiant chercheur dans le cadre de l\u2019Op\u00e9ration Campus, Bordeaux<\/p>\n<p><strong>PUBLICATIONS EXPOSITIONS ET PRESENTATIONS :<\/strong><\/p>\n<p>2011 <a title=\"Publication de mon projet du campus et du travail de recherche dans le livre \u00ab\u00a0Structures\u00a0\u00bb\" href=\"http:\/\/omarlakhdar.com\/?p=690\" target=\"_blank\" rel=\"noopener noreferrer\">\u00ab\u00a0Structures\u00a0\u00bb<\/a> Publication du travail sur le Campus aux \u00e9ditions \u00ab\u00a0Maison des Hommes\u00a0\u00bb<\/p>\n<p>2010 <a title=\"Reconversion d\u2019une friche industrielle \u2013 Punta Zorroza Bilbao\" href=\"http:\/\/omarlakhdar.com\/?p=181\" target=\"_blank\" rel=\"noopener noreferrer\">\u00ab\u00a0R\u00e9g\u00e9n\u00e9rer la Punta Zorroza\u00a0\u00bb<\/a> \u00e0 la mairie de Bilbao<\/p>\n<p>2010 <a title=\"Publication par Aquitanis de mon projet de logements pour la Cit\u00e9 Paul Boncour\" href=\"http:\/\/omarlakhdar.com\/?p=783\" target=\"_blank\" rel=\"noopener noreferrer\">\u00ab\u00a0Devenir de la Cit\u00e9 Paul Boncour\u00a0\u00bb<\/a> avec Aquitanis<\/p>\n<p>2010 <a title=\"Exposition de mon projet sur la Cit\u00e9 Paul Boncour \u00e0 Agora 2010\" href=\"http:\/\/omarlakhdar.com\/?p=840\" target=\"_blank\" rel=\"noopener noreferrer\">\u00ab\u00a0Habiter la ville de pierre\u00a0\u00bb<\/a> \u00e0 Agora 2010 Hangar G2 \u00e0 Bordeaux<\/p>\n<p>2009 \u00ab\u00a0Op\u00e9ration Campus\u00a0\u00bb \u00e0 l\u2019ENSAPBX et la Cit\u00e9 de l\u2019architecture Paris<\/p>\n<p>2008 <a title=\"Publication et exposition de mon projet de logements de licence au 308, \u00e0 Pau et \u00e0 Saint-S\u00e9bastien\" href=\"http:\/\/omarlakhdar.com\/?p=664\" target=\"_blank\" rel=\"noopener noreferrer\">\u00ab\u00a0Transformer la Tabacalera\u00a0\u00bb<\/a> \u00e0 l\u2019ENSAPBX et au 308<\/p>\n<p><strong>FORMATION :<\/strong><\/p>\n<p>2012 <a title=\"ENSAPBX\" href=\"http:\/\/www.bordeaux.archi.fr\" target=\"_blank\" rel=\"noopener noreferrer\">ENSAPBx<\/a> Doctorat en architecture et en am\u00e9nagement urbain : Repr\u00e9senter la m\u00e9tropolisation avec les outils num\u00e9riques (en cours)<\/p>\n<p>2012 <a title=\"ENSAPBX\" href=\"http:\/\/www.bordeaux.archi.fr\" target=\"_blank\" rel=\"noopener noreferrer\">ENSAPBx <\/a>Habilitation \u00e0 la Maitrise d&rsquo;Oeuvre en son Nom Propre (HMONP)<\/p>\n<p>2011 <a title=\"ENSAPBX\" href=\"http:\/\/www.bordeaux.archi.fr\" target=\"_blank\" rel=\"noopener noreferrer\">ENSAPBx <\/a>Dipl\u00f4me d&rsquo;Etat en Architecture<\/p>\n<p>2003-2004 <a title=\"Universit\u00e9 de Bordeaux 4 Montesquieu, administration \u00e9conomique et sociale\" href=\"http:\/\/www.u-bordeaux4.fr\/\" target=\"_blank\" rel=\"noopener noreferrer\">Facult\u00e9 de droit et d\u2019\u00e9conomie Bordeaux 4 Montesquieu<\/a>, Bordeaux<\/p>\n<p>2002-2003 <a title=\"Ecole Fran\u00e7aise des Affaires\" href=\"http:\/\/www.efa-maroc.com\" target=\"_blank\" rel=\"noopener noreferrer\">Ecole Fran\u00e7aise des Affaires<\/a>, Casablanca<\/p>\n<p>2001-2002 <a title=\"Lyc\u00e9e Lyautey\" href=\"http:\/\/www.lyceelyautey.org\/\" target=\"_blank\" rel=\"noopener noreferrer\">Lyc\u00e9e Lyautey<\/a>, Baccalaur\u00e9at STT-IG, Casablanca<\/p>\n<p><strong>LANGUES :<\/strong> Arabe, Fran\u00e7ais, Anglais<\/p>\n<p><strong>BOOK EN LIGNE :<\/strong> <a title=\"Book\" href=\"https:\/\/OLA-T1.synology.me:5001\/sharing\/ovEDObUEa\">t\u00e9l\u00e9chargement<\/a><\/p>\n<p>Photographie : Arthur P\u00e9quin<\/p>\n","protected":false},"excerpt":{"rendered":"<p>OMAR LAKHDAR Architecte sp\u00e9cialis\u00e9 en conception et en rendu architectural issu de l\u2019Ecole Nationale d\u2019Architecture et de Paysage de Bordeaux. Passionn\u00e9 par le minimalisme, l\u2019architecture, l\u2019urbanisme, et fort d\u2019une exp\u00e9rience de 17 ans sur Revit, j\u2019ai d\u00e9velopp\u00e9 une affinit\u00e9 avec les outils de rendu 3d comme Blender, Lumion, Twinmotion, vid\u00e9o, VR, maquettes imprim\u00e9es, qui me&#46;&#46;&#46;<\/p>\n","protected":false},"author":1,"featured_media":0,"parent":0,"menu_order":3,"comment_status":"open","ping_status":"open","template":"","meta":{"_exactmetrics_skip_tracking":false,"_exactmetrics_sitenote_active":false,"_exactmetrics_sitenote_note":"","_exactmetrics_sitenote_category":0,"jetpack_post_was_ever_published":false,"footnotes":""},"class_list":["post-130","page","type-page","status-publish","hentry"],"jetpack_shortlink":"https:\/\/wp.me\/P2Mmvd-26","jetpack_sharing_enabled":true,"jetpack_likes_enabled":true,"_links":{"self":[{"href":"https:\/\/www.omarlakhdar.com\/index.php?rest_route=\/wp\/v2\/pages\/130","targetHints":{"allow":["GET"]}}],"collection":[{"href":"https:\/\/www.omarlakhdar.com\/index.php?rest_route=\/wp\/v2\/pages"}],"about":[{"href":"https:\/\/www.omarlakhdar.com\/index.php?rest_route=\/wp\/v2\/types\/page"}],"author":[{"embeddable":true,"href":"https:\/\/www.omarlakhdar.com\/index.php?rest_route=\/wp\/v2\/users\/1"}],"replies":[{"embeddable":true,"href":"https:\/\/www.omarlakhdar.com\/index.php?rest_route=%2Fwp%2Fv2%2Fcomments&post=130"}],"version-history":[{"count":89,"href":"https:\/\/www.omarlakhdar.com\/index.php?rest_route=\/wp\/v2\/pages\/130\/revisions"}],"predecessor-version":[{"id":2962,"href":"https:\/\/www.omarlakhdar.com\/index.php?rest_route=\/wp\/v2\/pages\/130\/revisions\/2962"}],"wp:attachment":[{"href":"https:\/\/www.omarlakhdar.com\/index.php?rest_route=%2Fwp%2Fv2%2Fmedia&parent=130"}],"curies":[{"name":"wp","href":"https:\/\/api.w.org\/{rel}","templated":true}]}}